{"id":2771,"date":"2025-01-17T07:45:55","date_gmt":"2025-01-17T06:45:55","guid":{"rendered":"https:\/\/investmentphilosoph.com\/?page_id=2771"},"modified":"2025-08-18T13:27:10","modified_gmt":"2025-08-18T11:27:10","slug":"insiderdaten","status":"publish","type":"page","link":"https:\/\/investmentphilosoph.com\/en\/insiderdaten\/","title":{"rendered":"Insiderdaten"},"content":{"rendered":"<div data-elementor-type=\"wp-page\" data-elementor-id=\"2771\" class=\"elementor elementor-2771\" data-elementor-post-type=\"page\">\n\t\t\t\t<div class=\"elementor-element elementor-element-51699f53 e-con-full e-flex e-con e-parent\" data-id=\"51699f53\" data-element_type=\"container\">\n\t\t\t\t<div class=\"elementor-element elementor-element-b86cb7b elementor-widget__width-inherit elementor-widget elementor-widget-html\" data-id=\"b86cb7b\" data-element_type=\"widget\" data-widget_type=\"html.default\">\n\t\t\t\t<div class=\"elementor-widget-container\">\n\t\t\t<html>\r\n\r\n<meta name=\"viewport\" content=\"width=device-width, height=device-height, initial-scale=1\">\r\n<meta name=\"csp-nonce\" content=\"{{ nonce }}\">\r\n\r\n<head>\r\n  <title>Insiderdaten<\/title>\r\n  <link href=\"https:\/\/insiderdata.investmentphilosoph.com\/mermaid.css\" rel=\"stylesheet\" \/>\r\n  <link href=\"https:\/\/insiderdata.investmentphilosoph.com\/table.css\" rel=\"stylesheet\">\r\n<\/head>\r\n\r\n<body>\r\n<div class=\"table-heading\">\r\n  <h1>\r\n    <span>\u00dcbersicht aktueller Insiderdaten der BaFin<\/span>\r\n  <\/h1>\r\n<\/div>\r\n<button class=\"custom-button\" id=\"resetFilterButton\">Filter zur\u00fccksetzen<\/button>\r\n<button class=\"custom-button\" id=\"emailUpdateButton\">Kostenlose E-Mail Updates erhalten<\/button>\r\n<div id=\"emailUpdatePopup\" class=\"emailUpdatePopup\">\r\n  <span class=\"close\" onclick=\"document.getElementById('emailUpdatePopup').style.display='none'\">&times;<\/span>\r\n  <div class=\"popup-header\">\r\n    <h1>Kostenlose E-Mail Updates erhalten<\/h1>\r\n  <\/div>\r\n  <details class=\"instructions-details\">\r\n    <summary class=\"instructions-summary\">\r\n      <span class=\"expand-icon\">+<\/span> Erkl\u00e4rungen\r\n    <\/summary>\r\n    <div class=\"instructions-content\">\r\n      <ol>\r\n        <li>W\u00e4hlen Sie zun\u00e4chst in <b>Mindestvolumen<\/b> aus, ab welchem Trade-Volumen Sie informiert werden\r\n          m\u00f6chten. Wenn Sie nichts eingeben, erhalten Sie Informationen \u00fcber Trades ab 0 \u20ac.<\/li>\r\n        <li>W\u00e4hlen Sie dann optional, ob Sie nach <b>Emittent<\/b> (z.\u202fB. \u201eBASF AG\u201c), <b>Meldepflichtigem<\/b>\r\n          (z.\u202fB. Name des CEO von BASF) filtern m\u00f6chten. Geben Sie anschlie\u00dfend den gew\u00fcnschten Suchbegriff im\r\n          Feld <b>Suchbegriff<\/b> ein. Wenn Sie nichts eingeben, erhalten Sie Informationen \u00fcber alle Trades.<\/li>\r\n        <li><b>Optional:<\/b> About <b>Weitere Felder hinzuf\u00fcgen<\/b> k\u00f6nnen Sie zus\u00e4tzliche Filterkriterien setzen.\r\n          Es wird f\u00fcr jeden neuen Trade ein Update versendet, wenn eines der Kriterien erf\u00fcllt ist (Filter 'A oder\r\n          B' nicht 'A und B').<\/li>\r\n        <li><b>Optional:<\/b> W\u00e4hlen Sie zus\u00e4tzlich aus, ob Sie eine w\u00f6chentliche Zusammenfassung mit allen\r\n          Insidertrades der Woche erhalten m\u00f6chten.<\/li>\r\n        <li>Tragen Sie zum Schluss Ihre E-Mail-Adresse und Ihren Namen ein und klicken Sie auf <b>Abschicken<\/b>.\r\n          Bitte best\u00e4tigen Sie anschlie\u00dfend Ihr Abonnement \u00fcber den Link in der Best\u00e4tigungsmail.<\/li>\r\n      <\/ol>\r\n    <\/div>\r\n  <\/details>\r\n  <div class=\"checkbox-container\">\r\n    <label class=\"checkbox-label\">\r\n      <input type=\"checkbox\" id=\"weeklyNewsletter\">\r\n      <span><b>W\u00f6chentlichen<\/b> Newsletter \u00fcber Insidertrades abonnieren<\/span>\r\n    <\/label>\r\n  <\/div>\r\n  <div class=\"checkbox-container\">\r\n    <label class=\"checkbox-label\">\r\n      <input type=\"checkbox\" id=\"customNewsletter\">\r\n      <span><b>Individuelle<\/b> Sofort-Benachrichtigungen \u00fcber Insidertrades abonnieren:<\/span>\r\n    <\/label>\r\n  <\/div>\r\n  <form class=\"emailUpdateForm\" id=\"emailUpdateForm\" action=\"\">\r\n    <div id=\"searchCriteriaContainer\">\r\n      <div class=\"min-volume\">\r\n        <label for=\"min_volume\">Mindestvolumen (\u20ac \/ $ \/ ...):<\/label>\r\n        <input type=\"number\" id=\"min_volume\" class=\"insider-form insider-input\" min=\"0\" step=\"any\"\r\n          placeholder=\"Optional, z.B. 1000000\" optional>\r\n        <hr class=\"min-volume-separator\">\r\n      <\/div>\r\n    <\/div>\r\n    <button type=\"button\" class=\"custom-button\" id=\"addCriteriaButton\">Weitere Felder hinzuf\u00fcgen<\/button><br><br>\r\n    <div class=\"form-group\">\r\n      <label for=\"email\">E-Mail:<\/label>\r\n      <input type=\"email\" id=\"email\" class=\"insider-form insider-input\" name=\"emailInputPopup\" autocomplete=\"on\"\r\n        required>\r\n    <\/div>\r\n    <div class=\"form-group\">\r\n      <label for=\"name\">Name:<\/label>\r\n      <input type=\"text\" id=\"name\" class=\"insider-form insider-input\" name=\"nameInput\" autocomplete=\"name\">\r\n    <\/div>\r\n    <button type=\"submit\" class=\"custom-button\"><b>Abschicken<\/b><\/button>\r\n  <input type=\"hidden\" name=\"trp-form-language\" value=\"en\"\/><\/form>\r\n  <p>Mit der Eingabe stimmen Sie der Verarbeitung Ihrer personenbezogenen Daten zum Zwecke des Empfangs von\r\n    Insiderdaten per E-Mail zu.<\/p>\r\n<\/div>\r\n<div id=\"table\"><\/div>\r\n  <script src=\"https:\/\/unpkg.com\/gridjs\/dist\/gridjs.umd.js\"><\/script>\r\n  <script src=\"https:\/\/unpkg.com\/gridjs\/l10n\/dist\/l10n.umd.js\"><\/script>\r\n  <script nonce=\"{{ nonce }}\">\r\n  \/\/ Configure API base URL for client scripts\r\n  \/\/ Example result: https:\/\/insiderdata.investmentphilosoph.com\r\n  window.baseUrl = \"https:\/\/insiderdata.investmentphilosoph.com\";\r\n<\/script>\r\n  <script nonce=\"{{ nonce }}\" src=\"https:\/\/insiderdata.investmentphilosoph.com\/criteria_ui.js\"><\/script>\r\n  <script nonce=\"{{ nonce }}\" src=\"https:\/\/insiderdata.investmentphilosoph.com\/table.js\"><\/script>\r\n  <div class=\"insider-container\">\r\n  <div id=\"faq\" class=\"faq-section\">\r\n    <h3>FAQ: Insidertrades<\/h3>\r\n    <details class=\"faq-details\">\r\n      <summary class=\"faq-summary\">Was sind Insidertrades?<\/summary>\r\n      <div class=\"faq-content\">\r\n        <p>Insidertrades sind Wertpapiergesch\u00e4fte, die von F\u00fchrungskr\u00e4ften oder Personen mit Zugang zu wichtigen,\r\n          nicht\r\n          \u00f6ffentlichen Informationen eines Unternehmens get\u00e4tigt werden. Diese Trades m\u00fcssen gem\u00e4\u00df den Vorschriften\r\n          der BaFin gemeldet werden.<\/p>\r\n      <\/div>\r\n    <\/details>\r\n    <details class=\"faq-details\">\r\n      <summary class=\"faq-summary\">Warum sind Insidertrades relevant?<\/summary>\r\n      <div class=\"faq-content\">\r\n        <p>Insidertrades k\u00f6nnen Hinweise auf das Vertrauen von F\u00fchrungskr\u00e4ften in das eigene Unternehmen geben. Sie\r\n          werden von Analysten und Investoren oft als Signal f\u00fcr zuk\u00fcnftige Entwicklungen betrachtet.<\/p>\r\n      <\/div>\r\n    <\/details>\r\n    <details class=\"faq-details\">\r\n      <summary class=\"faq-summary\">Wie aktuell sind die angezeigten Daten?<\/summary>\r\n      <div class=\"faq-content\">\r\n        <p>Die Daten werden t\u00e4glich aktualisiert und stammen direkt von der BaFin-Datenbank f\u00fcr Insidertrades.<\/p>\r\n      <\/div>\r\n    <\/details>\r\n    <details class=\"faq-details\">\r\n      <summary class=\"faq-summary\">Wie kann ich mich f\u00fcr den Newsletter anmelden?<\/summary>\r\n      <div class=\"faq-content\">\r\n        <p>Sie k\u00f6nnen den w\u00f6chentlichen Newsletter direkt im Anmeldeformular f\u00fcr E-Mail Updates abonnieren, indem Sie\r\n          die entsprechende Checkbox aktivieren.<\/p>\r\n      <\/div>\r\n    <\/details>\r\n    <details class=\"faq-details\">\r\n      <summary class=\"faq-summary\">Kann ich die E-Mail-Benachrichtigungen jederzeit abbestellen?<\/summary>\r\n      <div class=\"faq-content\">\r\n        <p>Ja, in jeder E-Mail finden Sie einen Link, mit dem Sie Ihr Abonnement jederzeit k\u00fcndigen k\u00f6nnen.<\/p>\r\n      <\/div>\r\n    <\/details>\r\n  <\/div>\r\n<\/div>\r\n<\/body>\r\n\r\n<\/html>\t\t<\/div>\n\t\t\t\t<\/div>\n\t\t\t\t<\/div>\n\t\t<div class=\"elementor-element elementor-element-9f92cbf e-flex e-con-boxed e-con e-parent\" data-id=\"9f92cbf\" data-element_type=\"container\">\n\t\t\t\t\t<div class=\"e-con-inner\">\n\t\t\t\t<div class=\"elementor-element elementor-element-f324130 elementor-widget elementor-widget-text-editor\" data-id=\"f324130\" data-element_type=\"widget\" data-widget_type=\"text-editor.default\">\n\t\t\t\t<div class=\"elementor-widget-container\">\n\t\t\t<style>\/*! elementor - v3.23.0 - 25-07-2024 *\/\n.elementor-widget-text-editor.elementor-drop-cap-view-stacked .elementor-drop-cap{background-color:#69727d;color:#fff}.elementor-widget-text-editor.elementor-drop-cap-view-framed .elementor-drop-cap{color:#69727d;border:3px solid;background-color:transparent}.elementor-widget-text-editor:not(.elementor-drop-cap-view-default) .elementor-drop-cap{margin-top:8px}.elementor-widget-text-editor:not(.elementor-drop-cap-view-default) .elementor-drop-cap-letter{width:1em;height:1em}.elementor-widget-text-editor .elementor-drop-cap{float:left;text-align:center;line-height:1;font-size:50px}.elementor-widget-text-editor .elementor-drop-cap-letter{display:inline-block}<\/style>\t\t\t\t<p class=\"has-small-font-size\"><strong>Haftungsausschluss: <\/strong>Die hier bereitgestellten Informationen basieren auf \u00f6ffentlich zug\u00e4nglichen Daten. Es wird keine Gew\u00e4hr f\u00fcr die Richtigkeit, Vollst\u00e4ndigkeit oder Aktualit\u00e4t der Informationen \u00fcbernommen. Dies ist ein kostenloser Service ohne rechtliche oder finanzielle Verantwortung. Keine Anlageberatung.<\/p>\t\t\t\t\t\t<\/div>\n\t\t\t\t<\/div>\n\t\t\t\t\t<\/div>\n\t\t\t\t<\/div>\n\t\t\t\t<\/div>","protected":false},"excerpt":{"rendered":"<p>Insiderdaten \u00dcbersicht aktueller Insiderdaten der BaFin Filter zur\u00fccksetzen Kostenlose E-Mail Updates erhalten &times; Kostenlose E-Mail Updates erhalten + Erkl\u00e4rungen W\u00e4hlen Sie zun\u00e4chst in Mindestvolumen aus, ab welchem Trade-Volumen Sie informiert werden m\u00f6chten. Wenn Sie nichts eingeben, erhalten Sie Informationen \u00fcber Trades ab 0 \u20ac. W\u00e4hlen Sie dann optional, ob Sie nach Emittent (z.\u202fB. \u201eBASF AG\u201c), [&hellip;]<\/p>","protected":false},"author":1,"featured_media":0,"parent":0,"menu_order":0,"comment_status":"closed","ping_status":"closed","template":"","meta":{"_monsterinsights_skip_tracking":false,"_monsterinsights_sitenote_active":false,"_monsterinsights_sitenote_note":"","_monsterinsights_sitenote_category":0,"_uf_show_specific_survey":0,"_uf_disable_surveys":false,"footnotes":""},"class_list":["post-2771","page","type-page","status-publish","hentry"],"blocksy_meta":[],"yoast_head":"<!-- This site is optimized with the Yoast SEO plugin v23.1 - https:\/\/yoast.com\/wordpress\/plugins\/seo\/ -->\n<title>Insiderdaten - investmentphilosoph.com<\/title>\n<meta name=\"robots\" content=\"index, follow, max-snippet:-1, max-image-preview:large, max-video-preview:-1\" \/>\n<link rel=\"canonical\" href=\"https:\/\/investmentphilosoph.com\/en\/insiderdaten\/\" \/>\n<meta property=\"og:locale\" content=\"en_GB\" \/>\n<meta property=\"og:type\" content=\"article\" \/>\n<meta property=\"og:title\" content=\"Insiderdaten - investmentphilosoph.com\" \/>\n<meta property=\"og:description\" content=\"Insiderdaten \u00dcbersicht aktueller Insiderdaten der BaFin Filter zur\u00fccksetzen Kostenlose E-Mail Updates erhalten &times; Kostenlose E-Mail Updates erhalten + Erkl\u00e4rungen W\u00e4hlen Sie zun\u00e4chst in Mindestvolumen aus, ab welchem Trade-Volumen Sie informiert werden m\u00f6chten. Wenn Sie nichts eingeben, erhalten Sie Informationen \u00fcber Trades ab 0 \u20ac. W\u00e4hlen Sie dann optional, ob Sie nach Emittent (z.\u202fB. \u201eBASF AG\u201c), [&hellip;]\" \/>\n<meta property=\"og:url\" content=\"https:\/\/investmentphilosoph.com\/en\/insiderdaten\/\" \/>\n<meta property=\"og:site_name\" content=\"investmentphilosoph.com\" \/>\n<meta property=\"article:modified_time\" content=\"2025-08-18T11:27:10+00:00\" \/>\n<meta name=\"twitter:card\" content=\"summary_large_image\" \/>\n<meta name=\"twitter:label1\" content=\"Estimated reading time\" \/>\n\t<meta name=\"twitter:data1\" content=\"2 minutes\" \/>\n<script type=\"application\/ld+json\" class=\"yoast-schema-graph\">{\"@context\":\"https:\/\/schema.org\",\"@graph\":[{\"@type\":\"WebPage\",\"@id\":\"https:\/\/investmentphilosoph.com\/insiderdaten\/\",\"url\":\"https:\/\/investmentphilosoph.com\/insiderdaten\/\",\"name\":\"Insiderdaten - investmentphilosoph.com\",\"isPartOf\":{\"@id\":\"https:\/\/investmentphilosoph.com\/#website\"},\"datePublished\":\"2025-01-17T06:45:55+00:00\",\"dateModified\":\"2025-08-18T11:27:10+00:00\",\"breadcrumb\":{\"@id\":\"https:\/\/investmentphilosoph.com\/insiderdaten\/#breadcrumb\"},\"inLanguage\":\"en-GB\",\"potentialAction\":[{\"@type\":\"ReadAction\",\"target\":[\"https:\/\/investmentphilosoph.com\/insiderdaten\/\"]}]},{\"@type\":\"BreadcrumbList\",\"@id\":\"https:\/\/investmentphilosoph.com\/insiderdaten\/#breadcrumb\",\"itemListElement\":[{\"@type\":\"ListItem\",\"position\":1,\"name\":\"Startseite\",\"item\":\"https:\/\/investmentphilosoph.com\/\"},{\"@type\":\"ListItem\",\"position\":2,\"name\":\"Insiderdaten\"}]},{\"@type\":\"WebSite\",\"@id\":\"https:\/\/investmentphilosoph.com\/#website\",\"url\":\"https:\/\/investmentphilosoph.com\/\",\"name\":\"Investmentphilosoph\",\"description\":\"\",\"publisher\":{\"@id\":\"https:\/\/investmentphilosoph.com\/#organization\"},\"potentialAction\":[{\"@type\":\"SearchAction\",\"target\":{\"@type\":\"EntryPoint\",\"urlTemplate\":\"https:\/\/investmentphilosoph.com\/?s={search_term_string}\"},\"query-input\":\"required name=search_term_string\"}],\"inLanguage\":\"en-GB\"},{\"@type\":\"Organization\",\"@id\":\"https:\/\/investmentphilosoph.com\/#organization\",\"name\":\"Investmentphilosoph\",\"url\":\"https:\/\/investmentphilosoph.com\/\",\"logo\":{\"@type\":\"ImageObject\",\"inLanguage\":\"en-GB\",\"@id\":\"https:\/\/investmentphilosoph.com\/#\/schema\/logo\/image\/\",\"url\":\"https:\/\/investmentphilosoph.com\/wp-content\/uploads\/2024\/01\/iPhone.png\",\"contentUrl\":\"https:\/\/investmentphilosoph.com\/wp-content\/uploads\/2024\/01\/iPhone.png\",\"width\":180,\"height\":180,\"caption\":\"Investmentphilosoph\"},\"image\":{\"@id\":\"https:\/\/investmentphilosoph.com\/#\/schema\/logo\/image\/\"}}]}<\/script>\n<!-- \/ Yoast SEO plugin. -->","yoast_head_json":{"title":"Insiderdaten - investmentphilosoph.com","robots":{"index":"index","follow":"follow","max-snippet":"max-snippet:-1","max-image-preview":"max-image-preview:large","max-video-preview":"max-video-preview:-1"},"canonical":"https:\/\/investmentphilosoph.com\/en\/insiderdaten\/","og_locale":"en_GB","og_type":"article","og_title":"Insiderdaten - investmentphilosoph.com","og_description":"Insiderdaten \u00dcbersicht aktueller Insiderdaten der BaFin Filter zur\u00fccksetzen Kostenlose E-Mail Updates erhalten &times; Kostenlose E-Mail Updates erhalten + Erkl\u00e4rungen W\u00e4hlen Sie zun\u00e4chst in Mindestvolumen aus, ab welchem Trade-Volumen Sie informiert werden m\u00f6chten. Wenn Sie nichts eingeben, erhalten Sie Informationen \u00fcber Trades ab 0 \u20ac. W\u00e4hlen Sie dann optional, ob Sie nach Emittent (z.\u202fB. \u201eBASF AG\u201c), [&hellip;]","og_url":"https:\/\/investmentphilosoph.com\/en\/insiderdaten\/","og_site_name":"investmentphilosoph.com","article_modified_time":"2025-08-18T11:27:10+00:00","twitter_card":"summary_large_image","twitter_misc":{"Estimated reading time":"2 minutes"},"schema":{"@context":"https:\/\/schema.org","@graph":[{"@type":"WebPage","@id":"https:\/\/investmentphilosoph.com\/insiderdaten\/","url":"https:\/\/investmentphilosoph.com\/insiderdaten\/","name":"Insiderdaten - investmentphilosoph.com","isPartOf":{"@id":"https:\/\/investmentphilosoph.com\/#website"},"datePublished":"2025-01-17T06:45:55+00:00","dateModified":"2025-08-18T11:27:10+00:00","breadcrumb":{"@id":"https:\/\/investmentphilosoph.com\/insiderdaten\/#breadcrumb"},"inLanguage":"en-GB","potentialAction":[{"@type":"ReadAction","target":["https:\/\/investmentphilosoph.com\/insiderdaten\/"]}]},{"@type":"BreadcrumbList","@id":"https:\/\/investmentphilosoph.com\/insiderdaten\/#breadcrumb","itemListElement":[{"@type":"ListItem","position":1,"name":"Startseite","item":"https:\/\/investmentphilosoph.com\/"},{"@type":"ListItem","position":2,"name":"Insiderdaten"}]},{"@type":"WebSite","@id":"https:\/\/investmentphilosoph.com\/#website","url":"https:\/\/investmentphilosoph.com\/","name":"Investmentphilosoph","description":"","publisher":{"@id":"https:\/\/investmentphilosoph.com\/#organization"},"potentialAction":[{"@type":"SearchAction","target":{"@type":"EntryPoint","urlTemplate":"https:\/\/investmentphilosoph.com\/?s={search_term_string}"},"query-input":"required name=search_term_string"}],"inLanguage":"en-GB"},{"@type":"Organization","@id":"https:\/\/investmentphilosoph.com\/#organization","name":"Investmentphilosoph","url":"https:\/\/investmentphilosoph.com\/","logo":{"@type":"ImageObject","inLanguage":"en-GB","@id":"https:\/\/investmentphilosoph.com\/#\/schema\/logo\/image\/","url":"https:\/\/investmentphilosoph.com\/wp-content\/uploads\/2024\/01\/iPhone.png","contentUrl":"https:\/\/investmentphilosoph.com\/wp-content\/uploads\/2024\/01\/iPhone.png","width":180,"height":180,"caption":"Investmentphilosoph"},"image":{"@id":"https:\/\/investmentphilosoph.com\/#\/schema\/logo\/image\/"}}]}},"_links":{"self":[{"href":"https:\/\/investmentphilosoph.com\/en\/wp-json\/wp\/v2\/pages\/2771"}],"collection":[{"href":"https:\/\/investmentphilosoph.com\/en\/wp-json\/wp\/v2\/pages"}],"about":[{"href":"https:\/\/investmentphilosoph.com\/en\/wp-json\/wp\/v2\/types\/page"}],"author":[{"embeddable":true,"href":"https:\/\/investmentphilosoph.com\/en\/wp-json\/wp\/v2\/users\/1"}],"replies":[{"embeddable":true,"href":"https:\/\/investmentphilosoph.com\/en\/wp-json\/wp\/v2\/comments?post=2771"}],"version-history":[{"count":642,"href":"https:\/\/investmentphilosoph.com\/en\/wp-json\/wp\/v2\/pages\/2771\/revisions"}],"predecessor-version":[{"id":3607,"href":"https:\/\/investmentphilosoph.com\/en\/wp-json\/wp\/v2\/pages\/2771\/revisions\/3607"}],"wp:attachment":[{"href":"https:\/\/investmentphilosoph.com\/en\/wp-json\/wp\/v2\/media?parent=2771"}],"curies":[{"name":"wp","href":"https:\/\/api.w.org\/{rel}","templated":true}]}}