{"id":1243,"date":"2024-02-20T11:50:56","date_gmt":"2024-02-20T10:50:56","guid":{"rendered":"https:\/\/investmentphilosoph.com\/?page_id=1243"},"modified":"2024-04-27T00:32:09","modified_gmt":"2024-04-26T22:32:09","slug":"optimismus","status":"publish","type":"page","link":"https:\/\/investmentphilosoph.com\/en\/optimismus\/","title":{"rendered":"Optimism"},"content":{"rendered":"<div data-elementor-type=\"wp-page\" data-elementor-id=\"1243\" class=\"elementor elementor-1243\" data-elementor-post-type=\"page\">\n\t\t\t\t<div class=\"elementor-element elementor-element-e66ecf2 e-flex e-con-boxed e-con e-parent\" data-id=\"e66ecf2\" data-element_type=\"container\" data-settings=\"{&quot;background_background&quot;:&quot;classic&quot;}\">\n\t\t\t\t\t<div class=\"e-con-inner\">\n\t\t<div class=\"elementor-element elementor-element-57ed609 e-con-full e-flex e-con e-child\" data-id=\"57ed609\" data-element_type=\"container\" data-settings=\"{&quot;background_background&quot;:&quot;classic&quot;}\">\n\t\t<div class=\"elementor-element elementor-element-e016a9a e-con-full e-flex e-con e-child\" data-id=\"e016a9a\" data-element_type=\"container\">\n\t\t\t\t<div class=\"elementor-element elementor-element-eab4db9 elementor-widget elementor-widget-heading\" data-id=\"eab4db9\" data-element_type=\"widget\" data-widget_type=\"heading.default\">\n\t\t\t\t<div class=\"elementor-widget-container\">\n\t\t\t<style>\/*! elementor - v3.23.0 - 25-07-2024 *\/\n.elementor-heading-title{padding:0;margin:0;line-height:1}.elementor-widget-heading .elementor-heading-title[class*=elementor-size-]>a{color:inherit;font-size:inherit;line-height:inherit}.elementor-widget-heading .elementor-heading-title.elementor-size-small{font-size:15px}.elementor-widget-heading .elementor-heading-title.elementor-size-medium{font-size:19px}.elementor-widget-heading .elementor-heading-title.elementor-size-large{font-size:29px}.elementor-widget-heading .elementor-heading-title.elementor-size-xl{font-size:39px}.elementor-widget-heading .elementor-heading-title.elementor-size-xxl{font-size:59px}<\/style><h2 class=\"elementor-heading-title elementor-size-default\">Optimism<\/h2>\t\t<\/div>\n\t\t\t\t<\/div>\n\t\t\t\t<div class=\"elementor-element elementor-element-3e27415 elementor-widget elementor-widget-heading\" data-id=\"3e27415\" data-element_type=\"widget\" data-widget_type=\"heading.default\">\n\t\t\t\t<div class=\"elementor-widget-container\">\n\t\t\t<span class=\"elementor-heading-title elementor-size-default\">It's no secret that optimism and positive thinking have a positive effect on your health and character traits. Easier said than done. But one thing is clear: problems and challenges are not solved by complaining. Progress and development come from overcoming, and overcoming requires a proactive and positive attitude.<\/span>\t\t<\/div>\n\t\t\t\t<\/div>\n\t\t\t\t<div class=\"elementor-element elementor-element-b4e1ce2 elementor-widget elementor-widget-heading\" data-id=\"b4e1ce2\" data-element_type=\"widget\" data-widget_type=\"heading.default\">\n\t\t\t\t<div class=\"elementor-widget-container\">\n\t\t\t<h2 class=\"elementor-heading-title elementor-size-default\"><span class=\"dfr\">\u2018There is no alternative to optimism.\u2019<\/span> <\/h2>\t\t<\/div>\n\t\t\t\t<\/div>\n\t\t\t\t<div class=\"elementor-element elementor-element-d0ccac6 elementor-widget elementor-widget-heading\" data-id=\"d0ccac6\" data-element_type=\"widget\" data-widget_type=\"heading.default\">\n\t\t\t\t<div class=\"elementor-widget-container\">\n\t\t\t<h2 class=\"elementor-heading-title elementor-size-default\">Karl Popper (Austrian-British philosopher, 1902 -1994)\n<\/h2>\t\t<\/div>\n\t\t\t\t<\/div>\n\t\t\t\t<div class=\"elementor-element elementor-element-58fb6cb elementor-widget elementor-widget-heading\" data-id=\"58fb6cb\" data-element_type=\"widget\" data-widget_type=\"heading.default\">\n\t\t\t\t<div class=\"elementor-widget-container\">\n\t\t\t<span class=\"elementor-heading-title elementor-size-default\">The situation is similar with investments. These are by definition forward-looking and because the future is uncertain, there is room for different assessments of the future. Bad news in particular quickly paints a gloomy picture of future economic prospects - with the result that investors become anxious and sell their shares, usually when the news is particularly bad. The ever-increasing flood of information from all parts of the world is an additional challenge for investors. There is always bad news, so to speak. <br><br>What is often forgotten with all the supposed problems is that humanity has developed at an incredible speed in its time on this earth. It is in the nature of things that this positive development is not linear, but undulating: progress and development often occur when problems and challenges are at their greatest. Accordingly, I don't want to advocate blind optimism, but I would like to argue in favour of an optimistic background noise. The coronavirus crisis has shown that solutions can be found within a very short space of time, even in the face of major challenges. Buying shares in companies in the form of sensible equity investments is a bet that progress and further development will also be possible in the future. Shares offer the highest long-term returns because they are the only form of investment that enables active participation in economic value creation in the form of equity (see chart).<\/span>\t\t<\/div>\n\t\t\t\t<\/div>\n\t\t\t\t<div class=\"elementor-element elementor-element-3d732c5 elementor-widget__width-initial elementor-widget-tablet__width-initial elementor-widget-mobile__width-initial elementor-widget elementor-widget-image\" data-id=\"3d732c5\" data-element_type=\"widget\" data-widget_type=\"image.default\">\n\t\t\t\t<div class=\"elementor-widget-container\">\n\t\t\t<style>\/*! elementor - v3.23.0 - 25-07-2024 *\/\n.elementor-widget-image{text-align:center}.elementor-widget-image a{display:inline-block}.elementor-widget-image a img[src$=\".svg\"]{width:48px}.elementor-widget-image img{vertical-align:middle;display:inline-block}<\/style>\t\t\t\t\t\t\t\t\t\t\t<a href=\"http:\/\/investmentphilosoph.com\/wp-content\/uploads\/2024\/04\/Aktien-langfristig-1.jpeg\" data-elementor-open-lightbox=\"yes\" data-elementor-lightbox-title=\"Aktien langfristig unschlagbar\" data-e-action-hash=\"#elementor-action%3Aaction%3Dlightbox%26settings%3DeyJpZCI6MTk5NywidXJsIjoiaHR0cHM6XC9cL2ludmVzdG1lbnRwaGlsb3NvcGguY29tXC93cC1jb250ZW50XC91cGxvYWRzXC8yMDI0XC8wNFwvQWt0aWVuLWxhbmdmcmlzdGlnLTEuanBlZyJ9\">\n\t\t\t\t\t\t\t<img fetchpriority=\"high\" decoding=\"async\" width=\"1105\" height=\"462\" src=\"https:\/\/investmentphilosoph.com\/wp-content\/uploads\/2024\/04\/Aktien-langfristig-1.jpeg\" class=\"attachment-full size-full wp-image-1997\" alt=\"\" srcset=\"https:\/\/investmentphilosoph.com\/wp-content\/uploads\/2024\/04\/Aktien-langfristig-1.jpeg 1105w, https:\/\/investmentphilosoph.com\/wp-content\/uploads\/2024\/04\/Aktien-langfristig-1-300x125.jpeg 300w, https:\/\/investmentphilosoph.com\/wp-content\/uploads\/2024\/04\/Aktien-langfristig-1-1024x428.jpeg 1024w, https:\/\/investmentphilosoph.com\/wp-content\/uploads\/2024\/04\/Aktien-langfristig-1-768x321.jpeg 768w\" sizes=\"(max-width: 1105px) 100vw, 1105px\" \/>\t\t\t\t\t\t\t\t<\/a>\n\t\t\t\t\t\t\t\t\t\t\t\t\t<\/div>\n\t\t\t\t<\/div>\n\t\t\t\t<div class=\"elementor-element elementor-element-e96bb3c elementor-widget-tablet__width-initial elementor-widget elementor-widget-heading\" data-id=\"e96bb3c\" data-element_type=\"widget\" data-widget_type=\"heading.default\">\n\t\t\t\t<div class=\"elementor-widget-container\">\n\t\t\t<p class=\"elementor-heading-title elementor-size-default\">Source: Taunus Trust, 2024<\/p>\t\t<\/div>\n\t\t\t\t<\/div>\n\t\t\t\t<\/div>\n\t\t\t\t<\/div>\n\t\t\t\t<div class=\"elementor-element elementor-element-6e2eb96 elementor-align-right elementor-mobile-align-justify elementor-widget elementor-widget-button\" data-id=\"6e2eb96\" data-element_type=\"widget\" data-widget_type=\"button.default\">\n\t\t\t\t<div class=\"elementor-widget-container\">\n\t\t\t\t\t<div class=\"elementor-button-wrapper\">\n\t\t\t<a class=\"elementor-button elementor-button-link elementor-size-sm\" href=\"https:\/\/investmentphilosoph.com\/en\/unabhaengigkeit\/\">\n\t\t\t\t\t\t<span class=\"elementor-button-content-wrapper\">\n\t\t\t\t\t\t<span class=\"elementor-button-icon\">\n\t\t\t\t<svg aria-hidden=\"true\" class=\"e-font-icon-svg e-fas-long-arrow-alt-right\" viewbox=\"0 0 448 512\" xmlns=\"http:\/\/www.w3.org\/2000\/svg\"><path d=\"M313.941 216H12c-6.627 0-12 5.373-12 12v56c0 6.627 5.373 12 12 12h301.941v46.059c0 21.382 25.851 32.09 40.971 16.971l86.059-86.059c9.373-9.373 9.373-24.569 0-33.941l-86.059-86.059c-15.119-15.119-40.971-4.411-40.971 16.971V216z\"><\/path><\/svg>\t\t\t<\/span>\n\t\t\t\t\t\t\t\t\t<span class=\"elementor-button-text\">Continue to Independence<\/span>\n\t\t\t\t\t<\/span>\n\t\t\t\t\t<\/a>\n\t\t<\/div>\n\t\t\t\t<\/div>\n\t\t\t\t<\/div>\n\t\t\t\t\t<\/div>\n\t\t\t\t<\/div>\n\t\t\t\t<\/div>","protected":false},"excerpt":{"rendered":"<p>Optimismus Dass sich Optimismus und positives Denken positiv auf die Gesundheit und die eigenen Wesensz\u00fcge auswirken, ist kein Geheimnis. Leichter gesagt als getan. Doch klar ist: Probleme und Herausforderungen werden durch Jammern nicht gel\u00f6st. Fortschritt und Entwicklung entstehen durch \u00dcberwindung und \u00dcberwindung setzt eine proaktive und positive Einstellung voraus. \u201cZu Optimismus gibt es keine Alternative.\u201d [&hellip;]<\/p>","protected":false},"author":1,"featured_media":0,"parent":0,"menu_order":0,"comment_status":"closed","ping_status":"closed","template":"elementor_header_footer","meta":{"_monsterinsights_skip_tracking":false,"_monsterinsights_sitenote_active":false,"_monsterinsights_sitenote_note":"","_monsterinsights_sitenote_category":0,"_uf_show_specific_survey":0,"_uf_disable_surveys":false,"footnotes":""},"class_list":["post-1243","page","type-page","status-publish","hentry"],"blocksy_meta":[],"yoast_head":"<!-- This site is optimized with the Yoast SEO plugin v23.1 - https:\/\/yoast.com\/wordpress\/plugins\/seo\/ -->\n<title>Optimismus - investmentphilosoph.com<\/title>\n<meta name=\"robots\" content=\"index, follow, max-snippet:-1, max-image-preview:large, max-video-preview:-1\" \/>\n<link rel=\"canonical\" href=\"https:\/\/investmentphilosoph.com\/en\/optimismus\/\" \/>\n<meta property=\"og:locale\" content=\"en_GB\" \/>\n<meta property=\"og:type\" content=\"article\" \/>\n<meta property=\"og:title\" content=\"Optimismus - investmentphilosoph.com\" \/>\n<meta property=\"og:description\" content=\"Optimismus Dass sich Optimismus und positives Denken positiv auf die Gesundheit und die eigenen Wesensz\u00fcge auswirken, ist kein Geheimnis. Leichter gesagt als getan. Doch klar ist: Probleme und Herausforderungen werden durch Jammern nicht gel\u00f6st. Fortschritt und Entwicklung entstehen durch \u00dcberwindung und \u00dcberwindung setzt eine proaktive und positive Einstellung voraus. \u201cZu Optimismus gibt es keine Alternative.\u201d [&hellip;]\" \/>\n<meta property=\"og:url\" content=\"https:\/\/investmentphilosoph.com\/en\/optimismus\/\" \/>\n<meta property=\"og:site_name\" content=\"investmentphilosoph.com\" \/>\n<meta property=\"article:modified_time\" content=\"2024-04-26T22:32:09+00:00\" \/>\n<meta property=\"og:image\" content=\"http:\/\/investmentphilosoph.com\/wp-content\/uploads\/2024\/04\/Aktien-langfristig-1.jpeg\" \/>\n<meta name=\"twitter:card\" content=\"summary_large_image\" \/>\n<meta name=\"twitter:label1\" content=\"Estimated reading time\" \/>\n\t<meta name=\"twitter:data1\" content=\"2 minutes\" \/>\n<script type=\"application\/ld+json\" class=\"yoast-schema-graph\">{\"@context\":\"https:\/\/schema.org\",\"@graph\":[{\"@type\":\"WebPage\",\"@id\":\"https:\/\/investmentphilosoph.com\/optimismus\/\",\"url\":\"https:\/\/investmentphilosoph.com\/optimismus\/\",\"name\":\"Optimismus - investmentphilosoph.com\",\"isPartOf\":{\"@id\":\"https:\/\/investmentphilosoph.com\/#website\"},\"primaryImageOfPage\":{\"@id\":\"https:\/\/investmentphilosoph.com\/optimismus\/#primaryimage\"},\"image\":{\"@id\":\"https:\/\/investmentphilosoph.com\/optimismus\/#primaryimage\"},\"thumbnailUrl\":\"http:\/\/investmentphilosoph.com\/wp-content\/uploads\/2024\/04\/Aktien-langfristig-1.jpeg\",\"datePublished\":\"2024-02-20T10:50:56+00:00\",\"dateModified\":\"2024-04-26T22:32:09+00:00\",\"breadcrumb\":{\"@id\":\"https:\/\/investmentphilosoph.com\/optimismus\/#breadcrumb\"},\"inLanguage\":\"en-GB\",\"potentialAction\":[{\"@type\":\"ReadAction\",\"target\":[\"https:\/\/investmentphilosoph.com\/optimismus\/\"]}]},{\"@type\":\"ImageObject\",\"inLanguage\":\"en-GB\",\"@id\":\"https:\/\/investmentphilosoph.com\/optimismus\/#primaryimage\",\"url\":\"http:\/\/investmentphilosoph.com\/wp-content\/uploads\/2024\/04\/Aktien-langfristig-1.jpeg\",\"contentUrl\":\"http:\/\/investmentphilosoph.com\/wp-content\/uploads\/2024\/04\/Aktien-langfristig-1.jpeg\"},{\"@type\":\"BreadcrumbList\",\"@id\":\"https:\/\/investmentphilosoph.com\/optimismus\/#breadcrumb\",\"itemListElement\":[{\"@type\":\"ListItem\",\"position\":1,\"name\":\"Startseite\",\"item\":\"https:\/\/investmentphilosoph.com\/\"},{\"@type\":\"ListItem\",\"position\":2,\"name\":\"Optimismus\"}]},{\"@type\":\"WebSite\",\"@id\":\"https:\/\/investmentphilosoph.com\/#website\",\"url\":\"https:\/\/investmentphilosoph.com\/\",\"name\":\"Investmentphilosoph\",\"description\":\"\",\"publisher\":{\"@id\":\"https:\/\/investmentphilosoph.com\/#organization\"},\"potentialAction\":[{\"@type\":\"SearchAction\",\"target\":{\"@type\":\"EntryPoint\",\"urlTemplate\":\"https:\/\/investmentphilosoph.com\/?s={search_term_string}\"},\"query-input\":\"required name=search_term_string\"}],\"inLanguage\":\"en-GB\"},{\"@type\":\"Organization\",\"@id\":\"https:\/\/investmentphilosoph.com\/#organization\",\"name\":\"Investmentphilosoph\",\"url\":\"https:\/\/investmentphilosoph.com\/\",\"logo\":{\"@type\":\"ImageObject\",\"inLanguage\":\"en-GB\",\"@id\":\"https:\/\/investmentphilosoph.com\/#\/schema\/logo\/image\/\",\"url\":\"https:\/\/investmentphilosoph.com\/wp-content\/uploads\/2024\/01\/iPhone.png\",\"contentUrl\":\"https:\/\/investmentphilosoph.com\/wp-content\/uploads\/2024\/01\/iPhone.png\",\"width\":180,\"height\":180,\"caption\":\"Investmentphilosoph\"},\"image\":{\"@id\":\"https:\/\/investmentphilosoph.com\/#\/schema\/logo\/image\/\"}}]}<\/script>\n<!-- \/ Yoast SEO plugin. -->","yoast_head_json":{"title":"Optimismus - investmentphilosoph.com","robots":{"index":"index","follow":"follow","max-snippet":"max-snippet:-1","max-image-preview":"max-image-preview:large","max-video-preview":"max-video-preview:-1"},"canonical":"https:\/\/investmentphilosoph.com\/en\/optimismus\/","og_locale":"en_GB","og_type":"article","og_title":"Optimismus - investmentphilosoph.com","og_description":"Optimismus Dass sich Optimismus und positives Denken positiv auf die Gesundheit und die eigenen Wesensz\u00fcge auswirken, ist kein Geheimnis. Leichter gesagt als getan. Doch klar ist: Probleme und Herausforderungen werden durch Jammern nicht gel\u00f6st. Fortschritt und Entwicklung entstehen durch \u00dcberwindung und \u00dcberwindung setzt eine proaktive und positive Einstellung voraus. \u201cZu Optimismus gibt es keine Alternative.\u201d [&hellip;]","og_url":"https:\/\/investmentphilosoph.com\/en\/optimismus\/","og_site_name":"investmentphilosoph.com","article_modified_time":"2024-04-26T22:32:09+00:00","og_image":[{"url":"http:\/\/investmentphilosoph.com\/wp-content\/uploads\/2024\/04\/Aktien-langfristig-1.jpeg"}],"twitter_card":"summary_large_image","twitter_misc":{"Estimated reading time":"2 minutes"},"schema":{"@context":"https:\/\/schema.org","@graph":[{"@type":"WebPage","@id":"https:\/\/investmentphilosoph.com\/optimismus\/","url":"https:\/\/investmentphilosoph.com\/optimismus\/","name":"Optimismus - investmentphilosoph.com","isPartOf":{"@id":"https:\/\/investmentphilosoph.com\/#website"},"primaryImageOfPage":{"@id":"https:\/\/investmentphilosoph.com\/optimismus\/#primaryimage"},"image":{"@id":"https:\/\/investmentphilosoph.com\/optimismus\/#primaryimage"},"thumbnailUrl":"http:\/\/investmentphilosoph.com\/wp-content\/uploads\/2024\/04\/Aktien-langfristig-1.jpeg","datePublished":"2024-02-20T10:50:56+00:00","dateModified":"2024-04-26T22:32:09+00:00","breadcrumb":{"@id":"https:\/\/investmentphilosoph.com\/optimismus\/#breadcrumb"},"inLanguage":"en-GB","potentialAction":[{"@type":"ReadAction","target":["https:\/\/investmentphilosoph.com\/optimismus\/"]}]},{"@type":"ImageObject","inLanguage":"en-GB","@id":"https:\/\/investmentphilosoph.com\/optimismus\/#primaryimage","url":"http:\/\/investmentphilosoph.com\/wp-content\/uploads\/2024\/04\/Aktien-langfristig-1.jpeg","contentUrl":"http:\/\/investmentphilosoph.com\/wp-content\/uploads\/2024\/04\/Aktien-langfristig-1.jpeg"},{"@type":"BreadcrumbList","@id":"https:\/\/investmentphilosoph.com\/optimismus\/#breadcrumb","itemListElement":[{"@type":"ListItem","position":1,"name":"Startseite","item":"https:\/\/investmentphilosoph.com\/"},{"@type":"ListItem","position":2,"name":"Optimismus"}]},{"@type":"WebSite","@id":"https:\/\/investmentphilosoph.com\/#website","url":"https:\/\/investmentphilosoph.com\/","name":"Investmentphilosoph","description":"","publisher":{"@id":"https:\/\/investmentphilosoph.com\/#organization"},"potentialAction":[{"@type":"SearchAction","target":{"@type":"EntryPoint","urlTemplate":"https:\/\/investmentphilosoph.com\/?s={search_term_string}"},"query-input":"required name=search_term_string"}],"inLanguage":"en-GB"},{"@type":"Organization","@id":"https:\/\/investmentphilosoph.com\/#organization","name":"Investmentphilosoph","url":"https:\/\/investmentphilosoph.com\/","logo":{"@type":"ImageObject","inLanguage":"en-GB","@id":"https:\/\/investmentphilosoph.com\/#\/schema\/logo\/image\/","url":"https:\/\/investmentphilosoph.com\/wp-content\/uploads\/2024\/01\/iPhone.png","contentUrl":"https:\/\/investmentphilosoph.com\/wp-content\/uploads\/2024\/01\/iPhone.png","width":180,"height":180,"caption":"Investmentphilosoph"},"image":{"@id":"https:\/\/investmentphilosoph.com\/#\/schema\/logo\/image\/"}}]}},"_links":{"self":[{"href":"https:\/\/investmentphilosoph.com\/en\/wp-json\/wp\/v2\/pages\/1243"}],"collection":[{"href":"https:\/\/investmentphilosoph.com\/en\/wp-json\/wp\/v2\/pages"}],"about":[{"href":"https:\/\/investmentphilosoph.com\/en\/wp-json\/wp\/v2\/types\/page"}],"author":[{"embeddable":true,"href":"https:\/\/investmentphilosoph.com\/en\/wp-json\/wp\/v2\/users\/1"}],"replies":[{"embeddable":true,"href":"https:\/\/investmentphilosoph.com\/en\/wp-json\/wp\/v2\/comments?post=1243"}],"version-history":[{"count":128,"href":"https:\/\/investmentphilosoph.com\/en\/wp-json\/wp\/v2\/pages\/1243\/revisions"}],"predecessor-version":[{"id":3197,"href":"https:\/\/investmentphilosoph.com\/en\/wp-json\/wp\/v2\/pages\/1243\/revisions\/3197"}],"wp:attachment":[{"href":"https:\/\/investmentphilosoph.com\/en\/wp-json\/wp\/v2\/media?parent=1243"}],"curies":[{"name":"wp","href":"https:\/\/api.w.org\/{rel}","templated":true}]}}