{"id":1199,"date":"2024-02-20T10:55:52","date_gmt":"2024-02-20T09:55:52","guid":{"rendered":"https:\/\/investmentphilosoph.com\/?page_id=1199"},"modified":"2024-04-27T00:32:22","modified_gmt":"2024-04-26T22:32:22","slug":"unabhaengigkeit","status":"publish","type":"page","link":"https:\/\/investmentphilosoph.com\/en\/unabhaengigkeit\/","title":{"rendered":"Independence"},"content":{"rendered":"<div data-elementor-type=\"wp-page\" data-elementor-id=\"1199\" class=\"elementor elementor-1199\" data-elementor-post-type=\"page\">\n\t\t\t\t<div class=\"elementor-element elementor-element-fdb7adc e-flex e-con-boxed e-con e-parent\" data-id=\"fdb7adc\" data-element_type=\"container\" data-settings=\"{&quot;background_background&quot;:&quot;classic&quot;}\">\n\t\t\t\t\t<div class=\"e-con-inner\">\n\t\t<div class=\"elementor-element elementor-element-dcf0dcd e-con-full e-flex e-con e-child\" data-id=\"dcf0dcd\" data-element_type=\"container\" data-settings=\"{&quot;background_background&quot;:&quot;classic&quot;}\">\n\t\t<div class=\"elementor-element elementor-element-47c580a e-con-full e-flex e-con e-child\" data-id=\"47c580a\" data-element_type=\"container\">\n\t\t\t\t<div class=\"elementor-element elementor-element-0742eb3 elementor-widget elementor-widget-heading\" data-id=\"0742eb3\" data-element_type=\"widget\" data-widget_type=\"heading.default\">\n\t\t\t\t<div class=\"elementor-widget-container\">\n\t\t\t<style>\/*! elementor - v3.23.0 - 25-07-2024 *\/\n.elementor-heading-title{padding:0;margin:0;line-height:1}.elementor-widget-heading .elementor-heading-title[class*=elementor-size-]>a{color:inherit;font-size:inherit;line-height:inherit}.elementor-widget-heading .elementor-heading-title.elementor-size-small{font-size:15px}.elementor-widget-heading .elementor-heading-title.elementor-size-medium{font-size:19px}.elementor-widget-heading .elementor-heading-title.elementor-size-large{font-size:29px}.elementor-widget-heading .elementor-heading-title.elementor-size-xl{font-size:39px}.elementor-widget-heading .elementor-heading-title.elementor-size-xxl{font-size:59px}<\/style><h2 class=\"elementor-heading-title elementor-size-default\"><span style=\"background-color: rgb(255, 255, 255);\">Independence<\/span><\/h2>\t\t<\/div>\n\t\t\t\t<\/div>\n\t\t\t\t<div class=\"elementor-element elementor-element-f442f6b elementor-widget elementor-widget-heading\" data-id=\"f442f6b\" data-element_type=\"widget\" data-widget_type=\"heading.default\">\n\t\t\t\t<div class=\"elementor-widget-container\">\n\t\t\t<span class=\"elementor-heading-title elementor-size-default\">As already mentioned in the \u2018Optimism\u2019 chapter, investing is always a future-oriented activity, i.e. a bet on what will happen. The beauty of the future is that nobody knows what it holds. This is precisely why some successful investors even describe investing as an art rather than a science. The success of an investment can only be assessed in retrospect and it is also possible to discuss when this assessment should take place. At the moment of investing, the following therefore applies: there is no right and wrong - at least not as far as future assessments are concerned! That is why one element is fundamental to successful investing: independent thinking! Even the most successful investors are only right two out of three times. Accordingly, you should treat \u2018expert opinions\u2019 with caution, because even a good education and decades of investment experience are no guarantee of success. Unfortunately, the opposite is sometimes even the case and the economic interests of bank advisors or experts are contrary to what would be best for you and your money. Or to put it in the words of John Templeton:<\/span>\t\t<\/div>\n\t\t\t\t<\/div>\n\t\t\t\t<div class=\"elementor-element elementor-element-642ebc4 elementor-widget elementor-widget-heading\" data-id=\"642ebc4\" data-element_type=\"widget\" data-widget_type=\"heading.default\">\n\t\t\t\t<div class=\"elementor-widget-container\">\n\t\t\t<h2 class=\"elementor-heading-title elementor-size-default\">\"If you go to ten doctors and they tell you the same medicine, that is the thing to take.<br> \nIf you go to ten engineers to build a bridge and they tell you the same thing, that is the thing to build. <br>\nIf you go to ten investment advisors and they pick out the same asset, you had better stay away from it.\"\n<\/h2>\t\t<\/div>\n\t\t\t\t<\/div>\n\t\t\t\t<div class=\"elementor-element elementor-element-68d32c3 elementor-widget elementor-widget-heading\" data-id=\"68d32c3\" data-element_type=\"widget\" data-widget_type=\"heading.default\">\n\t\t\t\t<div class=\"elementor-widget-container\">\n\t\t\t<h2 class=\"elementor-heading-title elementor-size-default\">John Templeton, Entrepreneur and Fund Manager<\/h2>\t\t<\/div>\n\t\t\t\t<\/div>\n\t\t\t\t<\/div>\n\t\t\t\t<\/div>\n\t\t\t\t<div class=\"elementor-element elementor-element-b250bac elementor-align-right elementor-mobile-align-justify elementor-widget elementor-widget-button\" data-id=\"b250bac\" data-element_type=\"widget\" data-widget_type=\"button.default\">\n\t\t\t\t<div class=\"elementor-widget-container\">\n\t\t\t\t\t<div class=\"elementor-button-wrapper\">\n\t\t\t<a class=\"elementor-button elementor-button-link elementor-size-sm\" href=\"https:\/\/investmentphilosoph.com\/en\/resilienz\/\">\n\t\t\t\t\t\t<span class=\"elementor-button-content-wrapper\">\n\t\t\t\t\t\t<span class=\"elementor-button-icon\">\n\t\t\t\t<svg aria-hidden=\"true\" class=\"e-font-icon-svg e-fas-long-arrow-alt-right\" viewbox=\"0 0 448 512\" xmlns=\"http:\/\/www.w3.org\/2000\/svg\"><path d=\"M313.941 216H12c-6.627 0-12 5.373-12 12v56c0 6.627 5.373 12 12 12h301.941v46.059c0 21.382 25.851 32.09 40.971 16.971l86.059-86.059c9.373-9.373 9.373-24.569 0-33.941l-86.059-86.059c-15.119-15.119-40.971-4.411-40.971 16.971V216z\"><\/path><\/svg>\t\t\t<\/span>\n\t\t\t\t\t\t\t\t\t<span class=\"elementor-button-text\">Continue to Resilience<\/span>\n\t\t\t\t\t<\/span>\n\t\t\t\t\t<\/a>\n\t\t<\/div>\n\t\t\t\t<\/div>\n\t\t\t\t<\/div>\n\t\t\t\t\t<\/div>\n\t\t\t\t<\/div>\n\t\t\t\t<\/div>","protected":false},"excerpt":{"rendered":"<p>Unabh\u00e4ngigkeit Wie im Kapitel &#8222;Optimismus&#8220; bereits erw\u00e4hnt ist Investieren immer eine zukunftsorientierte T\u00e4tigkeit, also eine Wette auf das, was kommen wird. Das Sch\u00f6ne an der Zukunft ist, dass niemand wei\u00df, was sie bereith\u00e4lt. Genau deshalb bezeichnen manche erfolgreiche Investoren das Investieren sogar als Kunst und nicht als Wissenschaft. Erst r\u00fcckblickend kann der Erfolg einer Investition [&hellip;]<\/p>","protected":false},"author":1,"featured_media":0,"parent":0,"menu_order":0,"comment_status":"closed","ping_status":"closed","template":"elementor_header_footer","meta":{"_monsterinsights_skip_tracking":false,"_monsterinsights_sitenote_active":false,"_monsterinsights_sitenote_note":"","_monsterinsights_sitenote_category":0,"_uf_show_specific_survey":0,"_uf_disable_surveys":false,"footnotes":""},"class_list":["post-1199","page","type-page","status-publish","hentry"],"blocksy_meta":[],"yoast_head":"<!-- This site is optimized with the Yoast SEO plugin v23.1 - https:\/\/yoast.com\/wordpress\/plugins\/seo\/ -->\n<title>Unabh\u00e4ngigkeit - investmentphilosoph.com<\/title>\n<meta name=\"robots\" content=\"index, follow, max-snippet:-1, max-image-preview:large, max-video-preview:-1\" \/>\n<link rel=\"canonical\" href=\"https:\/\/investmentphilosoph.com\/en\/unabhaengigkeit\/\" \/>\n<meta property=\"og:locale\" content=\"en_GB\" \/>\n<meta property=\"og:type\" content=\"article\" \/>\n<meta property=\"og:title\" content=\"Unabh\u00e4ngigkeit - investmentphilosoph.com\" \/>\n<meta property=\"og:description\" content=\"Unabh\u00e4ngigkeit Wie im Kapitel &#8222;Optimismus&#8220; bereits erw\u00e4hnt ist Investieren immer eine zukunftsorientierte T\u00e4tigkeit, also eine Wette auf das, was kommen wird. Das Sch\u00f6ne an der Zukunft ist, dass niemand wei\u00df, was sie bereith\u00e4lt. Genau deshalb bezeichnen manche erfolgreiche Investoren das Investieren sogar als Kunst und nicht als Wissenschaft. Erst r\u00fcckblickend kann der Erfolg einer Investition [&hellip;]\" \/>\n<meta property=\"og:url\" content=\"https:\/\/investmentphilosoph.com\/en\/unabhaengigkeit\/\" \/>\n<meta property=\"og:site_name\" content=\"investmentphilosoph.com\" \/>\n<meta property=\"article:modified_time\" content=\"2024-04-26T22:32:22+00:00\" \/>\n<meta name=\"twitter:card\" content=\"summary_large_image\" \/>\n<meta name=\"twitter:label1\" content=\"Estimated reading time\" \/>\n\t<meta name=\"twitter:data1\" content=\"2 minutes\" \/>\n<script type=\"application\/ld+json\" class=\"yoast-schema-graph\">{\"@context\":\"https:\/\/schema.org\",\"@graph\":[{\"@type\":\"WebPage\",\"@id\":\"https:\/\/investmentphilosoph.com\/unabhaengigkeit\/\",\"url\":\"https:\/\/investmentphilosoph.com\/unabhaengigkeit\/\",\"name\":\"Unabh\u00e4ngigkeit - investmentphilosoph.com\",\"isPartOf\":{\"@id\":\"https:\/\/investmentphilosoph.com\/#website\"},\"datePublished\":\"2024-02-20T09:55:52+00:00\",\"dateModified\":\"2024-04-26T22:32:22+00:00\",\"breadcrumb\":{\"@id\":\"https:\/\/investmentphilosoph.com\/unabhaengigkeit\/#breadcrumb\"},\"inLanguage\":\"en-GB\",\"potentialAction\":[{\"@type\":\"ReadAction\",\"target\":[\"https:\/\/investmentphilosoph.com\/unabhaengigkeit\/\"]}]},{\"@type\":\"BreadcrumbList\",\"@id\":\"https:\/\/investmentphilosoph.com\/unabhaengigkeit\/#breadcrumb\",\"itemListElement\":[{\"@type\":\"ListItem\",\"position\":1,\"name\":\"Startseite\",\"item\":\"https:\/\/investmentphilosoph.com\/\"},{\"@type\":\"ListItem\",\"position\":2,\"name\":\"Unabh\u00e4ngigkeit\"}]},{\"@type\":\"WebSite\",\"@id\":\"https:\/\/investmentphilosoph.com\/#website\",\"url\":\"https:\/\/investmentphilosoph.com\/\",\"name\":\"Investmentphilosoph\",\"description\":\"\",\"publisher\":{\"@id\":\"https:\/\/investmentphilosoph.com\/#organization\"},\"potentialAction\":[{\"@type\":\"SearchAction\",\"target\":{\"@type\":\"EntryPoint\",\"urlTemplate\":\"https:\/\/investmentphilosoph.com\/?s={search_term_string}\"},\"query-input\":\"required name=search_term_string\"}],\"inLanguage\":\"en-GB\"},{\"@type\":\"Organization\",\"@id\":\"https:\/\/investmentphilosoph.com\/#organization\",\"name\":\"Investmentphilosoph\",\"url\":\"https:\/\/investmentphilosoph.com\/\",\"logo\":{\"@type\":\"ImageObject\",\"inLanguage\":\"en-GB\",\"@id\":\"https:\/\/investmentphilosoph.com\/#\/schema\/logo\/image\/\",\"url\":\"https:\/\/investmentphilosoph.com\/wp-content\/uploads\/2024\/01\/iPhone.png\",\"contentUrl\":\"https:\/\/investmentphilosoph.com\/wp-content\/uploads\/2024\/01\/iPhone.png\",\"width\":180,\"height\":180,\"caption\":\"Investmentphilosoph\"},\"image\":{\"@id\":\"https:\/\/investmentphilosoph.com\/#\/schema\/logo\/image\/\"}}]}<\/script>\n<!-- \/ Yoast SEO plugin. -->","yoast_head_json":{"title":"Unabh\u00e4ngigkeit - investmentphilosoph.com","robots":{"index":"index","follow":"follow","max-snippet":"max-snippet:-1","max-image-preview":"max-image-preview:large","max-video-preview":"max-video-preview:-1"},"canonical":"https:\/\/investmentphilosoph.com\/en\/unabhaengigkeit\/","og_locale":"en_GB","og_type":"article","og_title":"Unabh\u00e4ngigkeit - investmentphilosoph.com","og_description":"Unabh\u00e4ngigkeit Wie im Kapitel &#8222;Optimismus&#8220; bereits erw\u00e4hnt ist Investieren immer eine zukunftsorientierte T\u00e4tigkeit, also eine Wette auf das, was kommen wird. Das Sch\u00f6ne an der Zukunft ist, dass niemand wei\u00df, was sie bereith\u00e4lt. Genau deshalb bezeichnen manche erfolgreiche Investoren das Investieren sogar als Kunst und nicht als Wissenschaft. Erst r\u00fcckblickend kann der Erfolg einer Investition [&hellip;]","og_url":"https:\/\/investmentphilosoph.com\/en\/unabhaengigkeit\/","og_site_name":"investmentphilosoph.com","article_modified_time":"2024-04-26T22:32:22+00:00","twitter_card":"summary_large_image","twitter_misc":{"Estimated reading time":"2 minutes"},"schema":{"@context":"https:\/\/schema.org","@graph":[{"@type":"WebPage","@id":"https:\/\/investmentphilosoph.com\/unabhaengigkeit\/","url":"https:\/\/investmentphilosoph.com\/unabhaengigkeit\/","name":"Unabh\u00e4ngigkeit - investmentphilosoph.com","isPartOf":{"@id":"https:\/\/investmentphilosoph.com\/#website"},"datePublished":"2024-02-20T09:55:52+00:00","dateModified":"2024-04-26T22:32:22+00:00","breadcrumb":{"@id":"https:\/\/investmentphilosoph.com\/unabhaengigkeit\/#breadcrumb"},"inLanguage":"en-GB","potentialAction":[{"@type":"ReadAction","target":["https:\/\/investmentphilosoph.com\/unabhaengigkeit\/"]}]},{"@type":"BreadcrumbList","@id":"https:\/\/investmentphilosoph.com\/unabhaengigkeit\/#breadcrumb","itemListElement":[{"@type":"ListItem","position":1,"name":"Startseite","item":"https:\/\/investmentphilosoph.com\/"},{"@type":"ListItem","position":2,"name":"Unabh\u00e4ngigkeit"}]},{"@type":"WebSite","@id":"https:\/\/investmentphilosoph.com\/#website","url":"https:\/\/investmentphilosoph.com\/","name":"Investmentphilosoph","description":"","publisher":{"@id":"https:\/\/investmentphilosoph.com\/#organization"},"potentialAction":[{"@type":"SearchAction","target":{"@type":"EntryPoint","urlTemplate":"https:\/\/investmentphilosoph.com\/?s={search_term_string}"},"query-input":"required name=search_term_string"}],"inLanguage":"en-GB"},{"@type":"Organization","@id":"https:\/\/investmentphilosoph.com\/#organization","name":"Investmentphilosoph","url":"https:\/\/investmentphilosoph.com\/","logo":{"@type":"ImageObject","inLanguage":"en-GB","@id":"https:\/\/investmentphilosoph.com\/#\/schema\/logo\/image\/","url":"https:\/\/investmentphilosoph.com\/wp-content\/uploads\/2024\/01\/iPhone.png","contentUrl":"https:\/\/investmentphilosoph.com\/wp-content\/uploads\/2024\/01\/iPhone.png","width":180,"height":180,"caption":"Investmentphilosoph"},"image":{"@id":"https:\/\/investmentphilosoph.com\/#\/schema\/logo\/image\/"}}]}},"_links":{"self":[{"href":"https:\/\/investmentphilosoph.com\/en\/wp-json\/wp\/v2\/pages\/1199"}],"collection":[{"href":"https:\/\/investmentphilosoph.com\/en\/wp-json\/wp\/v2\/pages"}],"about":[{"href":"https:\/\/investmentphilosoph.com\/en\/wp-json\/wp\/v2\/types\/page"}],"author":[{"embeddable":true,"href":"https:\/\/investmentphilosoph.com\/en\/wp-json\/wp\/v2\/users\/1"}],"replies":[{"embeddable":true,"href":"https:\/\/investmentphilosoph.com\/en\/wp-json\/wp\/v2\/comments?post=1199"}],"version-history":[{"count":67,"href":"https:\/\/investmentphilosoph.com\/en\/wp-json\/wp\/v2\/pages\/1199\/revisions"}],"predecessor-version":[{"id":2534,"href":"https:\/\/investmentphilosoph.com\/en\/wp-json\/wp\/v2\/pages\/1199\/revisions\/2534"}],"wp:attachment":[{"href":"https:\/\/investmentphilosoph.com\/en\/wp-json\/wp\/v2\/media?parent=1199"}],"curies":[{"name":"wp","href":"https:\/\/api.w.org\/{rel}","templated":true}]}}