{"id":1130,"date":"2024-02-20T10:29:09","date_gmt":"2024-02-20T09:29:09","guid":{"rendered":"https:\/\/investmentphilosoph.com\/?page_id=1130"},"modified":"2024-04-12T15:01:56","modified_gmt":"2024-04-12T13:01:56","slug":"resilienz","status":"publish","type":"page","link":"https:\/\/investmentphilosoph.com\/en\/resilienz\/","title":{"rendered":"Resilience"},"content":{"rendered":"<div data-elementor-type=\"wp-page\" data-elementor-id=\"1130\" class=\"elementor elementor-1130\" data-elementor-post-type=\"page\">\n\t\t\t\t<div class=\"elementor-element elementor-element-b486c90 e-flex e-con-boxed e-con e-parent\" data-id=\"b486c90\" data-element_type=\"container\" data-settings=\"{&quot;background_background&quot;:&quot;classic&quot;}\">\n\t\t\t\t\t<div class=\"e-con-inner\">\n\t\t<div class=\"elementor-element elementor-element-6ed9291 e-con-full e-flex e-con e-child\" data-id=\"6ed9291\" data-element_type=\"container\" data-settings=\"{&quot;background_background&quot;:&quot;classic&quot;}\">\n\t\t<div class=\"elementor-element elementor-element-921c120 e-con-full e-flex e-con e-child\" data-id=\"921c120\" data-element_type=\"container\">\n\t\t\t\t<div class=\"elementor-element elementor-element-8219faf elementor-widget elementor-widget-heading\" data-id=\"8219faf\" data-element_type=\"widget\" data-widget_type=\"heading.default\">\n\t\t\t\t<div class=\"elementor-widget-container\">\n\t\t\t<style>\/*! elementor - v3.23.0 - 25-07-2024 *\/\n.elementor-heading-title{padding:0;margin:0;line-height:1}.elementor-widget-heading .elementor-heading-title[class*=elementor-size-]>a{color:inherit;font-size:inherit;line-height:inherit}.elementor-widget-heading .elementor-heading-title.elementor-size-small{font-size:15px}.elementor-widget-heading .elementor-heading-title.elementor-size-medium{font-size:19px}.elementor-widget-heading .elementor-heading-title.elementor-size-large{font-size:29px}.elementor-widget-heading .elementor-heading-title.elementor-size-xl{font-size:39px}.elementor-widget-heading .elementor-heading-title.elementor-size-xxl{font-size:59px}<\/style><h2 class=\"elementor-heading-title elementor-size-default\">Resilience<\/h2>\t\t<\/div>\n\t\t\t\t<\/div>\n\t\t\t\t<div class=\"elementor-element elementor-element-ddd70a2 elementor-widget elementor-widget-heading\" data-id=\"ddd70a2\" data-element_type=\"widget\" data-widget_type=\"heading.default\">\n\t\t\t\t<div class=\"elementor-widget-container\">\n\t\t\t<span class=\"elementor-heading-title elementor-size-default\">Resilience. Sounds like buzzword bingo from the consultant bible at first. However, resilience is actually crucial for long-term wealth accumulation. As already mentioned in the previous chapters, it can be assumed that the stock market will rise in the long term. At the same time, however, such a development never takes place in a straight line, but with strong fluctuations. The fact that market timing (i.e. buying low and selling high as planned) does not work has been scientifically proven many times over. A very good example is provided by Peter Lynch, one of the most successful investors of all time. He managed Fidelity's Magellan Fund from 1977 to 1990 and achieved an annualised return of 29 percent per year during this period. However, Lynch estimates that the average Magellan investor only achieved a return of around 7 per cent per year during the same period. The reason: many investors tried to time the market and got out of the fund after prices had collapsed and only returned when prices were higher.\n<br><br>\nBank of America recently analysed what would have happened if the 10 best stock market days within a decade had been missed over the last nine decades. The result is shocking. Instead of the 177-15% return that an investor would have achieved over the past 90 years with a simple buy-and-hold strategy on the S&amp;P 500, an investor who had always missed the 10 best trading days of a decade would have achieved just 28%.<\/span>\t\t<\/div>\n\t\t\t\t<\/div>\n\t\t\t\t<div class=\"elementor-element elementor-element-1fc5f1c elementor-widget elementor-widget-image\" data-id=\"1fc5f1c\" data-element_type=\"widget\" data-widget_type=\"image.default\">\n\t\t\t\t<div class=\"elementor-widget-container\">\n\t\t\t<style>\/*! elementor - v3.23.0 - 25-07-2024 *\/\n.elementor-widget-image{text-align:center}.elementor-widget-image a{display:inline-block}.elementor-widget-image a img[src$=\".svg\"]{width:48px}.elementor-widget-image img{vertical-align:middle;display:inline-block}<\/style>\t\t\t\t\t\t\t\t\t\t\t<a href=\"http:\/\/investmentphilosoph.com\/wp-content\/uploads\/2024\/02\/Screenshot-2024-01-28-at-18.44-1-e1712766318102.png\" data-elementor-open-lightbox=\"yes\" data-elementor-lightbox-title=\"Resilienz bei der Aktienanlage\" data-e-action-hash=\"#elementor-action%3Aaction%3Dlightbox%26settings%3DeyJpZCI6MTE1MSwidXJsIjoiaHR0cHM6XC9cL2ludmVzdG1lbnRwaGlsb3NvcGguY29tXC93cC1jb250ZW50XC91cGxvYWRzXC8yMDI0XC8wMlwvU2NyZWVuc2hvdC0yMDI0LTAxLTI4LWF0LTE4LjQ0LTEtZTE3MTI3NjYzMTgxMDIucG5nIn0%3D\">\n\t\t\t\t\t\t\t<img fetchpriority=\"high\" decoding=\"async\" width=\"768\" height=\"370\" src=\"https:\/\/investmentphilosoph.com\/wp-content\/uploads\/2024\/02\/Screenshot-2024-01-28-at-18.44-1-e1712766318102-768x370.png\" class=\"attachment-medium_large size-medium_large wp-image-1151\" alt=\"\" srcset=\"https:\/\/investmentphilosoph.com\/wp-content\/uploads\/2024\/02\/Screenshot-2024-01-28-at-18.44-1-e1712766318102-768x370.png 768w, https:\/\/investmentphilosoph.com\/wp-content\/uploads\/2024\/02\/Screenshot-2024-01-28-at-18.44-1-e1712766318102-300x144.png 300w, https:\/\/investmentphilosoph.com\/wp-content\/uploads\/2024\/02\/Screenshot-2024-01-28-at-18.44-1-e1712766318102-1024x493.png 1024w, https:\/\/investmentphilosoph.com\/wp-content\/uploads\/2024\/02\/Screenshot-2024-01-28-at-18.44-1-e1712766318102-1536x740.png 1536w, https:\/\/investmentphilosoph.com\/wp-content\/uploads\/2024\/02\/Screenshot-2024-01-28-at-18.44-1-e1712766318102-2048x986.png 2048w\" sizes=\"(max-width: 768px) 100vw, 768px\" \/>\t\t\t\t\t\t\t\t<\/a>\n\t\t\t\t\t\t\t\t\t\t\t\t\t<\/div>\n\t\t\t\t<\/div>\n\t\t\t\t<div class=\"elementor-element elementor-element-52a9abe elementor-widget elementor-widget-heading\" data-id=\"52a9abe\" data-element_type=\"widget\" data-widget_type=\"heading.default\">\n\t\t\t\t<div class=\"elementor-widget-container\">\n\t\t\t<h2 class=\"elementor-heading-title elementor-size-default\">Source: CNBC, Bank of America, S&amp;P 500 returns<\/h2>\t\t<\/div>\n\t\t\t\t<\/div>\n\t\t\t\t<div class=\"elementor-element elementor-element-9edb2f0 elementor-widget elementor-widget-heading\" data-id=\"9edb2f0\" data-element_type=\"widget\" data-widget_type=\"heading.default\">\n\t\t\t\t<div class=\"elementor-widget-container\">\n\t\t\t<h2 class=\"elementor-heading-title elementor-size-default\">This illustrates how important it is for long-term investors to hold on to equity investments. It is therefore all the more disappointing that this is being realised less and less in practice. Although apps such as Robinhood or Traderepublic democratise share investments, their design (due to the business model) encourages regular trading. As a result, the share savings plan that has been painstakingly put together is quickly sold - whether out of panic or for the next private purchase. Data from the New York Stock Exchange confirms the trend towards short-termism. In 1960, the average holding period for a share was still around 8 years. Sixty years later, this figure is only just under half a year. A regular look at these statistics can help to raise your own awareness and remain invested for the long term in an increasingly fast-moving world.<\/h2>\t\t<\/div>\n\t\t\t\t<\/div>\n\t\t\t\t<\/div>\n\t\t\t\t<\/div>\n\t\t\t\t<div class=\"elementor-element elementor-element-8567133 elementor-align-right elementor-mobile-align-justify elementor-widget elementor-widget-button\" data-id=\"8567133\" data-element_type=\"widget\" data-widget_type=\"button.default\">\n\t\t\t\t<div class=\"elementor-widget-container\">\n\t\t\t\t\t<div class=\"elementor-button-wrapper\">\n\t\t\t<a class=\"elementor-button elementor-button-link elementor-size-sm\" href=\"https:\/\/investmentphilosoph.com\/en\/weitsicht\/\">\n\t\t\t\t\t\t<span class=\"elementor-button-content-wrapper\">\n\t\t\t\t\t\t<span class=\"elementor-button-icon\">\n\t\t\t\t<svg aria-hidden=\"true\" class=\"e-font-icon-svg e-fas-long-arrow-alt-right\" viewbox=\"0 0 448 512\" xmlns=\"http:\/\/www.w3.org\/2000\/svg\"><path d=\"M313.941 216H12c-6.627 0-12 5.373-12 12v56c0 6.627 5.373 12 12 12h301.941v46.059c0 21.382 25.851 32.09 40.971 16.971l86.059-86.059c9.373-9.373 9.373-24.569 0-33.941l-86.059-86.059c-15.119-15.119-40.971-4.411-40.971 16.971V216z\"><\/path><\/svg>\t\t\t<\/span>\n\t\t\t\t\t\t\t\t\t<span class=\"elementor-button-text\">Continue to Foresight<\/span>\n\t\t\t\t\t<\/span>\n\t\t\t\t\t<\/a>\n\t\t<\/div>\n\t\t\t\t<\/div>\n\t\t\t\t<\/div>\n\t\t\t\t\t<\/div>\n\t\t\t\t<\/div>\n\t\t\t\t<\/div>","protected":false},"excerpt":{"rendered":"<p>Resilienz Resilienz. Klingt erstmal nach Buzzword-Bingo aus der Beraterbibel. Tats\u00e4chlich ist Resilienz f\u00fcr den langfristigen Verm\u00f6gensaufbau aber ganz entscheidend. Wie in den Kapiteln zuvor schon angesprochen, kann langfristig von einem steigenden Aktienmarkt ausgegangen werden. Gleichzeitig findet eine solche Entwicklung aber nie gradlinig, sondern mit starken Schwankungen statt. Dass Markttiming (also geplant niedrig zu kaufen und [&hellip;]<\/p>","protected":false},"author":1,"featured_media":0,"parent":0,"menu_order":0,"comment_status":"closed","ping_status":"closed","template":"elementor_header_footer","meta":{"_monsterinsights_skip_tracking":false,"_monsterinsights_sitenote_active":false,"_monsterinsights_sitenote_note":"","_monsterinsights_sitenote_category":0,"_uf_show_specific_survey":0,"_uf_disable_surveys":false,"footnotes":""},"class_list":["post-1130","page","type-page","status-publish","hentry"],"blocksy_meta":[],"yoast_head":"<!-- This site is optimized with the Yoast SEO plugin v23.1 - https:\/\/yoast.com\/wordpress\/plugins\/seo\/ -->\n<title>Resilienz - investmentphilosoph.com<\/title>\n<meta name=\"robots\" content=\"index, follow, max-snippet:-1, max-image-preview:large, max-video-preview:-1\" \/>\n<link rel=\"canonical\" href=\"https:\/\/investmentphilosoph.com\/en\/resilienz\/\" \/>\n<meta property=\"og:locale\" content=\"en_GB\" \/>\n<meta property=\"og:type\" content=\"article\" \/>\n<meta property=\"og:title\" content=\"Resilienz - investmentphilosoph.com\" \/>\n<meta property=\"og:description\" content=\"Resilienz Resilienz. Klingt erstmal nach Buzzword-Bingo aus der Beraterbibel. Tats\u00e4chlich ist Resilienz f\u00fcr den langfristigen Verm\u00f6gensaufbau aber ganz entscheidend. Wie in den Kapiteln zuvor schon angesprochen, kann langfristig von einem steigenden Aktienmarkt ausgegangen werden. Gleichzeitig findet eine solche Entwicklung aber nie gradlinig, sondern mit starken Schwankungen statt. Dass Markttiming (also geplant niedrig zu kaufen und [&hellip;]\" \/>\n<meta property=\"og:url\" content=\"https:\/\/investmentphilosoph.com\/en\/resilienz\/\" \/>\n<meta property=\"og:site_name\" content=\"investmentphilosoph.com\" \/>\n<meta property=\"article:modified_time\" content=\"2024-04-12T13:01:56+00:00\" \/>\n<meta property=\"og:image\" content=\"http:\/\/investmentphilosoph.com\/wp-content\/uploads\/2024\/02\/Screenshot-2024-01-28-at-18.44-1-e1712766318102-768x370.png\" \/>\n<meta name=\"twitter:card\" content=\"summary_large_image\" \/>\n<meta name=\"twitter:label1\" content=\"Estimated reading time\" \/>\n\t<meta name=\"twitter:data1\" content=\"2 minutes\" \/>\n<script type=\"application\/ld+json\" class=\"yoast-schema-graph\">{\"@context\":\"https:\/\/schema.org\",\"@graph\":[{\"@type\":\"WebPage\",\"@id\":\"https:\/\/investmentphilosoph.com\/resilienz\/\",\"url\":\"https:\/\/investmentphilosoph.com\/resilienz\/\",\"name\":\"Resilienz - investmentphilosoph.com\",\"isPartOf\":{\"@id\":\"https:\/\/investmentphilosoph.com\/#website\"},\"primaryImageOfPage\":{\"@id\":\"https:\/\/investmentphilosoph.com\/resilienz\/#primaryimage\"},\"image\":{\"@id\":\"https:\/\/investmentphilosoph.com\/resilienz\/#primaryimage\"},\"thumbnailUrl\":\"http:\/\/investmentphilosoph.com\/wp-content\/uploads\/2024\/02\/Screenshot-2024-01-28-at-18.44-1-e1712766318102-768x370.png\",\"datePublished\":\"2024-02-20T09:29:09+00:00\",\"dateModified\":\"2024-04-12T13:01:56+00:00\",\"breadcrumb\":{\"@id\":\"https:\/\/investmentphilosoph.com\/resilienz\/#breadcrumb\"},\"inLanguage\":\"en-GB\",\"potentialAction\":[{\"@type\":\"ReadAction\",\"target\":[\"https:\/\/investmentphilosoph.com\/resilienz\/\"]}]},{\"@type\":\"ImageObject\",\"inLanguage\":\"en-GB\",\"@id\":\"https:\/\/investmentphilosoph.com\/resilienz\/#primaryimage\",\"url\":\"http:\/\/investmentphilosoph.com\/wp-content\/uploads\/2024\/02\/Screenshot-2024-01-28-at-18.44-1-e1712766318102-768x370.png\",\"contentUrl\":\"http:\/\/investmentphilosoph.com\/wp-content\/uploads\/2024\/02\/Screenshot-2024-01-28-at-18.44-1-e1712766318102-768x370.png\"},{\"@type\":\"BreadcrumbList\",\"@id\":\"https:\/\/investmentphilosoph.com\/resilienz\/#breadcrumb\",\"itemListElement\":[{\"@type\":\"ListItem\",\"position\":1,\"name\":\"Startseite\",\"item\":\"https:\/\/investmentphilosoph.com\/\"},{\"@type\":\"ListItem\",\"position\":2,\"name\":\"Resilienz\"}]},{\"@type\":\"WebSite\",\"@id\":\"https:\/\/investmentphilosoph.com\/#website\",\"url\":\"https:\/\/investmentphilosoph.com\/\",\"name\":\"Investmentphilosoph\",\"description\":\"\",\"publisher\":{\"@id\":\"https:\/\/investmentphilosoph.com\/#organization\"},\"potentialAction\":[{\"@type\":\"SearchAction\",\"target\":{\"@type\":\"EntryPoint\",\"urlTemplate\":\"https:\/\/investmentphilosoph.com\/?s={search_term_string}\"},\"query-input\":\"required name=search_term_string\"}],\"inLanguage\":\"en-GB\"},{\"@type\":\"Organization\",\"@id\":\"https:\/\/investmentphilosoph.com\/#organization\",\"name\":\"Investmentphilosoph\",\"url\":\"https:\/\/investmentphilosoph.com\/\",\"logo\":{\"@type\":\"ImageObject\",\"inLanguage\":\"en-GB\",\"@id\":\"https:\/\/investmentphilosoph.com\/#\/schema\/logo\/image\/\",\"url\":\"https:\/\/investmentphilosoph.com\/wp-content\/uploads\/2024\/01\/iPhone.png\",\"contentUrl\":\"https:\/\/investmentphilosoph.com\/wp-content\/uploads\/2024\/01\/iPhone.png\",\"width\":180,\"height\":180,\"caption\":\"Investmentphilosoph\"},\"image\":{\"@id\":\"https:\/\/investmentphilosoph.com\/#\/schema\/logo\/image\/\"}}]}<\/script>\n<!-- \/ Yoast SEO plugin. -->","yoast_head_json":{"title":"Resilienz - investmentphilosoph.com","robots":{"index":"index","follow":"follow","max-snippet":"max-snippet:-1","max-image-preview":"max-image-preview:large","max-video-preview":"max-video-preview:-1"},"canonical":"https:\/\/investmentphilosoph.com\/en\/resilienz\/","og_locale":"en_GB","og_type":"article","og_title":"Resilienz - investmentphilosoph.com","og_description":"Resilienz Resilienz. Klingt erstmal nach Buzzword-Bingo aus der Beraterbibel. Tats\u00e4chlich ist Resilienz f\u00fcr den langfristigen Verm\u00f6gensaufbau aber ganz entscheidend. Wie in den Kapiteln zuvor schon angesprochen, kann langfristig von einem steigenden Aktienmarkt ausgegangen werden. Gleichzeitig findet eine solche Entwicklung aber nie gradlinig, sondern mit starken Schwankungen statt. Dass Markttiming (also geplant niedrig zu kaufen und [&hellip;]","og_url":"https:\/\/investmentphilosoph.com\/en\/resilienz\/","og_site_name":"investmentphilosoph.com","article_modified_time":"2024-04-12T13:01:56+00:00","og_image":[{"url":"http:\/\/investmentphilosoph.com\/wp-content\/uploads\/2024\/02\/Screenshot-2024-01-28-at-18.44-1-e1712766318102-768x370.png"}],"twitter_card":"summary_large_image","twitter_misc":{"Estimated reading time":"2 minutes"},"schema":{"@context":"https:\/\/schema.org","@graph":[{"@type":"WebPage","@id":"https:\/\/investmentphilosoph.com\/resilienz\/","url":"https:\/\/investmentphilosoph.com\/resilienz\/","name":"Resilienz - investmentphilosoph.com","isPartOf":{"@id":"https:\/\/investmentphilosoph.com\/#website"},"primaryImageOfPage":{"@id":"https:\/\/investmentphilosoph.com\/resilienz\/#primaryimage"},"image":{"@id":"https:\/\/investmentphilosoph.com\/resilienz\/#primaryimage"},"thumbnailUrl":"http:\/\/investmentphilosoph.com\/wp-content\/uploads\/2024\/02\/Screenshot-2024-01-28-at-18.44-1-e1712766318102-768x370.png","datePublished":"2024-02-20T09:29:09+00:00","dateModified":"2024-04-12T13:01:56+00:00","breadcrumb":{"@id":"https:\/\/investmentphilosoph.com\/resilienz\/#breadcrumb"},"inLanguage":"en-GB","potentialAction":[{"@type":"ReadAction","target":["https:\/\/investmentphilosoph.com\/resilienz\/"]}]},{"@type":"ImageObject","inLanguage":"en-GB","@id":"https:\/\/investmentphilosoph.com\/resilienz\/#primaryimage","url":"http:\/\/investmentphilosoph.com\/wp-content\/uploads\/2024\/02\/Screenshot-2024-01-28-at-18.44-1-e1712766318102-768x370.png","contentUrl":"http:\/\/investmentphilosoph.com\/wp-content\/uploads\/2024\/02\/Screenshot-2024-01-28-at-18.44-1-e1712766318102-768x370.png"},{"@type":"BreadcrumbList","@id":"https:\/\/investmentphilosoph.com\/resilienz\/#breadcrumb","itemListElement":[{"@type":"ListItem","position":1,"name":"Startseite","item":"https:\/\/investmentphilosoph.com\/"},{"@type":"ListItem","position":2,"name":"Resilienz"}]},{"@type":"WebSite","@id":"https:\/\/investmentphilosoph.com\/#website","url":"https:\/\/investmentphilosoph.com\/","name":"Investmentphilosoph","description":"","publisher":{"@id":"https:\/\/investmentphilosoph.com\/#organization"},"potentialAction":[{"@type":"SearchAction","target":{"@type":"EntryPoint","urlTemplate":"https:\/\/investmentphilosoph.com\/?s={search_term_string}"},"query-input":"required name=search_term_string"}],"inLanguage":"en-GB"},{"@type":"Organization","@id":"https:\/\/investmentphilosoph.com\/#organization","name":"Investmentphilosoph","url":"https:\/\/investmentphilosoph.com\/","logo":{"@type":"ImageObject","inLanguage":"en-GB","@id":"https:\/\/investmentphilosoph.com\/#\/schema\/logo\/image\/","url":"https:\/\/investmentphilosoph.com\/wp-content\/uploads\/2024\/01\/iPhone.png","contentUrl":"https:\/\/investmentphilosoph.com\/wp-content\/uploads\/2024\/01\/iPhone.png","width":180,"height":180,"caption":"Investmentphilosoph"},"image":{"@id":"https:\/\/investmentphilosoph.com\/#\/schema\/logo\/image\/"}}]}},"_links":{"self":[{"href":"https:\/\/investmentphilosoph.com\/en\/wp-json\/wp\/v2\/pages\/1130"}],"collection":[{"href":"https:\/\/investmentphilosoph.com\/en\/wp-json\/wp\/v2\/pages"}],"about":[{"href":"https:\/\/investmentphilosoph.com\/en\/wp-json\/wp\/v2\/types\/page"}],"author":[{"embeddable":true,"href":"https:\/\/investmentphilosoph.com\/en\/wp-json\/wp\/v2\/users\/1"}],"replies":[{"embeddable":true,"href":"https:\/\/investmentphilosoph.com\/en\/wp-json\/wp\/v2\/comments?post=1130"}],"version-history":[{"count":85,"href":"https:\/\/investmentphilosoph.com\/en\/wp-json\/wp\/v2\/pages\/1130\/revisions"}],"predecessor-version":[{"id":2310,"href":"https:\/\/investmentphilosoph.com\/en\/wp-json\/wp\/v2\/pages\/1130\/revisions\/2310"}],"wp:attachment":[{"href":"https:\/\/investmentphilosoph.com\/en\/wp-json\/wp\/v2\/media?parent=1130"}],"curies":[{"name":"wp","href":"https:\/\/api.w.org\/{rel}","templated":true}]}}